{"id":6,"date":"2013-08-13T20:07:30","date_gmt":"2013-08-13T18:07:30","guid":{"rendered":"http:\/\/mhsoftware.de\/?page_id=6"},"modified":"2022-06-07T15:57:20","modified_gmt":"2022-06-07T13:57:20","slug":"kontakt","status":"publish","type":"page","link":"https:\/\/pitab.de\/?page_id=6","title":{"rendered":"Kontakt"},"content":{"rendered":"<p>SO ERREICHEN SIE UNS<br \/>\npitab gmbh &#8211; projects in time and budget<br \/>\nNassauer Strasse 24<br \/>\n61440 Oberursel<\/p>\n<p>Tel.:\u00a0 +49 [0] 176 85637678<br \/>\nE-Mail: info [@] pitab.de<\/p>\n<p>&nbsp;<\/p>\n<table border=\"0\" cellspacing=\"5\" cellpadding=\"10\" align=\"left\">\n<tbody>\n<tr>\n<td>Matthias Sch\u00fctz<\/td>\n<td>Mobil: +49 [0] 176 85637678<\/td>\n<td>Mail: <a href=\"mailto:matthias.schuetz@pitab.de\">matthias.schuetz@pitab.de<\/a><\/td>\n<\/tr>\n<tr>\n<td>Oliver Riebel<\/td>\n<td>Mobil: +49 [0] 172 975 9203<\/td>\n<td>Mail: <a href=\"mailto:oliver.riebel@pitab.de\">oliver.riebel@pitab.de<\/a><\/td>\n<\/tr>\n<tr>\n<td>Lutz Kaiser<\/td>\n<td>Mobil: +49 [0] 172 674 9047<\/td>\n<td>Mail: <a href=\"mailto:lutz.kaiser@pitab.de\">lutz.kaiser@pitab.de<\/a><\/td>\n<\/tr>\n<tr>\n<td>Sven Burkard<\/td>\n<td>Mobil: +49 [0] 177 462 1035<\/td>\n<td>Mail: <a href=\"mailto:sven.burkard@pitab.de\">sven.burkard@pitab.de<\/a><\/td>\n<\/tr>\n<\/tbody>\n<\/table>\n<p>&nbsp;<\/p>\n<p>&nbsp;<\/p>\n<p>&nbsp;<\/p>\n<p>&nbsp;<\/p>\n<p>&nbsp;<\/p>\n<p>&nbsp;<\/p>\n<p>Oder vewenden Sie das Kontaktformular:<\/p>\n<p>\n<div class=\"wpcf7 no-js\" id=\"wpcf7-f155-o1\" lang=\"de-DE\" dir=\"ltr\">\n<div class=\"screen-reader-response\"><p role=\"status\" aria-live=\"polite\" aria-atomic=\"true\"><\/p> <ul><\/ul><\/div>\n<form action=\"\/index.php?rest_route=%2Fwp%2Fv2%2Fpages%2F6#wpcf7-f155-o1\" method=\"post\" class=\"wpcf7-form init\" aria-label=\"Kontaktformular\" novalidate=\"novalidate\" data-status=\"init\">\n<div style=\"display: none;\">\n<input type=\"hidden\" name=\"_wpcf7\" value=\"155\" \/>\n<input type=\"hidden\" name=\"_wpcf7_version\" value=\"5.7.5.1\" \/>\n<input type=\"hidden\" name=\"_wpcf7_locale\" value=\"de_DE\" \/>\n<input type=\"hidden\" name=\"_wpcf7_unit_tag\" value=\"wpcf7-f155-o1\" \/>\n<input type=\"hidden\" name=\"_wpcf7_container_post\" value=\"0\" \/>\n<input type=\"hidden\" name=\"_wpcf7_posted_data_hash\" value=\"\" \/>\n<\/div>\n<p><label> Ihr Name (Pflichtfeld)<br \/>\n<span class=\"wpcf7-form-control-wrap\" data-name=\"your-name\"><input size=\"40\" class=\"wpcf7-form-control wpcf7-text wpcf7-validates-as-required\" aria-required=\"true\" aria-invalid=\"false\" value=\"\" type=\"text\" name=\"your-name\" \/><\/span> <\/label>\n<\/p>\n<p><label> Ihre E-Mail-Adresse (Pflichtfeld)<br \/>\n<span class=\"wpcf7-form-control-wrap\" data-name=\"your-email\"><input size=\"40\" class=\"wpcf7-form-control wpcf7-text wpcf7-email wpcf7-validates-as-required wpcf7-validates-as-email\" aria-required=\"true\" aria-invalid=\"false\" value=\"\" type=\"email\" name=\"your-email\" \/><\/span> <\/label>\n<\/p>\n<p><label> Betreff<br \/>\n<span class=\"wpcf7-form-control-wrap\" data-name=\"your-subject\"><input size=\"40\" class=\"wpcf7-form-control wpcf7-text\" aria-invalid=\"false\" value=\"\" type=\"text\" name=\"your-subject\" \/><\/span> <\/label>\n<\/p>\n<p><label> Ihre Nachricht<br \/>\n<span class=\"wpcf7-form-control-wrap\" data-name=\"your-message\"><textarea cols=\"40\" rows=\"10\" class=\"wpcf7-form-control wpcf7-textarea\" aria-invalid=\"false\" name=\"your-message\"><\/textarea><\/span> <\/label>\n<\/p>\n<p><span class=\"wpcf7-form-control-wrap\" data-name=\"acceptance-809\"><span class=\"wpcf7-form-control wpcf7-acceptance\"><span class=\"wpcf7-list-item\"><input type=\"checkbox\" name=\"acceptance-809\" value=\"1\" aria-invalid=\"false\" \/><\/span><\/span><\/span>\n<\/p>\n<p>Ich stimme zu, dass meine Angaben aus dem Kontaktformular zur Beantwortung meiner Anfrage erhoben und verarbeitet werden. Die Daten werden nach abgeschlossener Bearbeitung Ihrer Anfrage gel\u00f6scht. Hinweis: Sie k\u00f6nnen Ihre Einwilligung jederzeit f\u00fcr die Zukunft per E-Mail an info@pitab.de widerrufen. Detaillierte Informationen zum Umgang mit Nutzerdaten finden Sie in unserer Datenschutzerkl\u00e4rung.\n<\/p>\n<p><input class=\"wpcf7-form-control has-spinner wpcf7-submit\" type=\"submit\" value=\"Senden\" \/>\n<\/p><div class=\"fusion-alert alert custom alert-custom fusion-alert-center wpcf7-response-output\" style=\"--awb-border-size:1px;\" role=\"alert\"><div class=\"fusion-alert-content-wrapper\"><span class=\"fusion-alert-content\"><\/span><\/div><\/div>\n<\/form>\n<\/div>\n[\/fusion_builder_column][\/fusion_builder_row][\/fusion_builder_container]<\/p>\n","protected":false},"excerpt":{"rendered":"<p>SO ERREICHEN SIE UNS pitab gmbh &#8211; projects in time and budget Nassauer Strasse 24 61440 Oberursel Tel.:\u00a0 +49 [0] 176 85637678 E-Mail: info [@] pitab.de &nbsp; Matthias Sch\u00fctz Mobil: +49 [0] 176 85637678 Mail: matthias.schuetz@pitab.de Oliver Riebel Mobil: +49 [0] 172 975 9203 Mail: oliver.riebel@pitab.de Lutz Kaiser Mobil: +49 [0] 172 674 9047 Mail: lutz.kaiser@pitab.de Sven Burkard Mobil: +49 [0] 177 462 1035 Mail: sven.burkard@pitab.de &nbsp; &nbsp; &nbsp; &nbsp; &nbsp; &nbsp; Oder vewenden Sie das Kontaktformular: [\/fusion_builder_column][\/fusion_builder_row][\/fusion_builder_container]<\/p>\n","protected":false},"author":1,"featured_media":0,"parent":0,"menu_order":0,"comment_status":"closed","ping_status":"open","template":"","meta":{"jetpack_post_was_ever_published":false,"footnotes":""},"class_list":["post-6","page","type-page","status-publish","hentry"],"jetpack_shortlink":"https:\/\/wp.me\/P3P80W-6","jetpack_sharing_enabled":true,"_links":{"self":[{"href":"https:\/\/pitab.de\/index.php?rest_route=\/wp\/v2\/pages\/6","targetHints":{"allow":["GET"]}}],"collection":[{"href":"https:\/\/pitab.de\/index.php?rest_route=\/wp\/v2\/pages"}],"about":[{"href":"https:\/\/pitab.de\/index.php?rest_route=\/wp\/v2\/types\/page"}],"author":[{"embeddable":true,"href":"https:\/\/pitab.de\/index.php?rest_route=\/wp\/v2\/users\/1"}],"replies":[{"embeddable":true,"href":"https:\/\/pitab.de\/index.php?rest_route=%2Fwp%2Fv2%2Fcomments&post=6"}],"version-history":[{"count":11,"href":"https:\/\/pitab.de\/index.php?rest_route=\/wp\/v2\/pages\/6\/revisions"}],"predecessor-version":[{"id":185,"href":"https:\/\/pitab.de\/index.php?rest_route=\/wp\/v2\/pages\/6\/revisions\/185"}],"wp:attachment":[{"href":"https:\/\/pitab.de\/index.php?rest_route=%2Fwp%2Fv2%2Fmedia&parent=6"}],"curies":[{"name":"wp","href":"https:\/\/api.w.org\/{rel}","templated":true}]}}