{"id":20,"date":"2013-08-13T20:11:18","date_gmt":"2013-08-13T18:11:18","guid":{"rendered":"http:\/\/mhsoftware.de\/?page_id=20"},"modified":"2022-01-14T12:11:39","modified_gmt":"2022-01-14T10:11:39","slug":"leistungen","status":"publish","type":"page","link":"https:\/\/pitab.de\/?page_id=20","title":{"rendered":"Leistungen"},"content":{"rendered":"<div class=\"fusion-fullwidth fullwidth-box fusion-builder-row-1 fusion-flex-container hundred-percent-fullwidth non-hundred-percent-height-scrolling\" style=\"--awb-border-radius-top-left:0px;--awb-border-radius-top-right:0px;--awb-border-radius-bottom-right:0px;--awb-border-radius-bottom-left:0px;--awb-overflow:visible;--awb-padding-right:30px;--awb-padding-left:30px;\" ><div class=\"fusion-builder-row fusion-row fusion-flex-align-items-flex-start\" style=\"width:104% !important;max-width:104% !important;margin-left: calc(-4% \/ 2 );margin-right: calc(-4% \/ 2 );\"><div class=\"fusion-layout-column fusion_builder_column fusion-builder-column-0 fusion_builder_column_1_1 1_1 fusion-flex-column fusion-flex-align-self-flex-start fusion-column-no-min-height\" style=\"--awb-bg-size:cover;--awb-width-large:100%;--awb-margin-top-large:0px;--awb-spacing-right-large:1.92%;--awb-margin-bottom-large:0px;--awb-spacing-left-large:1.92%;--awb-width-medium:100%;--awb-spacing-right-medium:1.92%;--awb-spacing-left-medium:1.92%;--awb-width-small:100%;--awb-spacing-right-small:1.92%;--awb-spacing-left-small:1.92%;\"><div class=\"fusion-column-wrapper fusion-flex-justify-content-flex-start fusion-content-layout-column\"><div class=\"fusion-title title fusion-title-1 fusion-sep-none fusion-title-text fusion-title-size-two\"><h2 class=\"title-heading-left\" style=\"margin:0;\">Financial Services<\/h2><\/div><div class=\"fusion-text fusion-text-1\"><p><b>Hoher Mehrwert <\/b><\/p>\n<p>Durch die gezielte Besetzung von Schl\u00fcsselrollen k\u00f6nnen wir f\u00fcr unsere Kunden einen hohen Mehrwert bei der erfolgreichen und effizienten Abwicklung ihrer Projekte stiften.<\/p>\n<p>Unser Leistungsspektrum umfasst:<\/p>\n<ul>\n<li>Projektmanagement und -coaching<\/li>\n<li>Testmanagement, -organisation und -durchf\u00fchrung<\/li>\n<li>Organisations- und Fachberatung<\/li>\n<li>Business-Analyse und Konzeption neuer Anwendungsarchitekturen<\/li>\n<li>Umsetzung von IT-L\u00f6sungen<\/li>\n<li>Auswahl und Einf\u00fchrung von Standardsoftware<\/li>\n<\/ul>\n<\/div><\/div><\/div><div class=\"fusion-layout-column fusion_builder_column fusion-builder-column-1 fusion_builder_column_1_1 1_1 fusion-flex-column\" style=\"--awb-bg-blend:overlay;--awb-bg-size:cover;--awb-width-large:100%;--awb-margin-top-large:0px;--awb-spacing-right-large:1.92%;--awb-margin-bottom-large:20px;--awb-spacing-left-large:1.92%;--awb-width-medium:100%;--awb-spacing-right-medium:1.92%;--awb-spacing-left-medium:1.92%;--awb-width-small:100%;--awb-spacing-right-small:1.92%;--awb-spacing-left-small:1.92%;\"><div class=\"fusion-column-wrapper fusion-flex-justify-content-flex-start fusion-content-layout-column\"><div class=\"fusion-title title fusion-title-2 fusion-sep-none fusion-title-text fusion-title-size-two\"><h2 class=\"title-heading-left\" style=\"margin:0;\">Wertpapiergesch\u00e4ft<\/h2><\/div><div class=\"fusion-text fusion-text-2\"><p>Die pitab verf\u00fcgt \u00fcber umfangreiche Prozesskenntnisse in der optimierten Abwicklung von Wertpapiertransaktionen unter besonderer Ber\u00fccksichtigung der Anforderungen an ein Straight-Through-Processing (STP). Dar\u00fcber hinaus bringt sie die f\u00fcr die notwendigen Ver\u00e4nderungsprozesse erforderlichen Methoden- sowie Projekt- und Changemanagement-Kompetenzen in die Projekte ihrer Kunden ein.<\/p>\n<\/div><\/div><\/div><div class=\"fusion-layout-column fusion_builder_column fusion-builder-column-2 fusion_builder_column_1_1 1_1 fusion-flex-column\" style=\"--awb-bg-blend:overlay;--awb-bg-size:cover;--awb-width-large:100%;--awb-margin-top-large:0px;--awb-spacing-right-large:1.92%;--awb-margin-bottom-large:20px;--awb-spacing-left-large:1.92%;--awb-width-medium:100%;--awb-spacing-right-medium:1.92%;--awb-spacing-left-medium:1.92%;--awb-width-small:100%;--awb-spacing-right-small:1.92%;--awb-spacing-left-small:1.92%;\"><div class=\"fusion-column-wrapper fusion-flex-justify-content-flex-start fusion-content-layout-column\"><div class=\"fusion-title title fusion-title-3 fusion-sep-none fusion-title-text fusion-title-size-two\"><h2 class=\"title-heading-left\" style=\"margin:0;\"><b>Transaction Banking<\/b><\/h2><\/div><div class=\"accordian fusion-accordian\" style=\"--awb-border-size:1px;--awb-icon-size:16px;--awb-content-font-size:var(--awb-typography4-font-size);--awb-icon-alignment:left;--awb-hover-color:var(--awb-color2);--awb-border-color:var(--awb-color3);--awb-background-color:var(--awb-color1);--awb-divider-color:var(--awb-color3);--awb-divider-hover-color:var(--awb-color3);--awb-icon-color:var(--awb-color1);--awb-title-color:var(--awb-color8);--awb-content-color:var(--awb-color8);--awb-icon-box-color:#333333;--awb-toggle-hover-accent-color:var(--awb-color5);--awb-title-font-family:var(--awb-typography1-font-family);--awb-title-font-weight:var(--awb-typography1-font-weight);--awb-title-font-style:var(--awb-typography1-font-style);--awb-title-font-size:var(--awb-typography1-font-size);--awb-title-line-height:1.54;--awb-content-font-family:var(--awb-typography4-font-family);--awb-content-font-weight:var(--awb-typography4-font-weight);--awb-content-font-style:var(--awb-typography4-font-style);\"><div class=\"panel-group fusion-toggle-icon-boxed\" id=\"accordion-20-1\"><div class=\"fusion-panel panel-default panel-fa9adcbc13ef90592 fusion-toggle-has-divider\" style=\"--awb-content-font-size:16px;--awb-title-font-family:&quot;PT Sans&quot;;--awb-title-font-weight:400;--awb-title-font-style:normal;--awb-title-font-size:20px;\"><div class=\"panel-heading\"><h4 class=\"panel-title toggle\" id=\"toggle_fa9adcbc13ef90592\"><a aria-expanded=\"false\" aria-controls=\"fa9adcbc13ef90592\" role=\"button\" data-toggle=\"collapse\" data-parent=\"#accordion-20-1\" data-target=\"#fa9adcbc13ef90592\" href=\"#fa9adcbc13ef90592\"><span class=\"fusion-toggle-icon-wrapper\" aria-hidden=\"true\"><i class=\"fa-fusion-box active-icon fa-angle-right fas\" aria-hidden=\"true\"><\/i><i class=\"fa-fusion-box inactive-icon fa-angle-down fas\" aria-hidden=\"true\"><\/i><\/span><span class=\"fusion-toggle-heading\">Strategie<\/span><\/a><\/h4><\/div><div id=\"fa9adcbc13ef90592\" class=\"panel-collapse collapse \" araia-labelledby=\"toggle_fa9adcbc13ef90592\"><div class=\"panel-body toggle-content fusion-clearfix\">\n<p>Die pitab begleitet ihre Kunden bei diesen strategischen Grundsatz\u00fcberlegungen und hilft bei Basisentscheidungen bez\u00fcglich des Transaction Bankings (machen oder kaufen).<\/p>\n<\/div><\/div><\/div><div class=\"fusion-panel panel-default panel-ca157fd14a054ac41 fusion-toggle-has-divider\" style=\"--awb-title-font-family:&quot;PT Sans&quot;;--awb-title-font-weight:400;--awb-title-font-style:normal;--awb-title-font-size:20px;\"><div class=\"panel-heading\"><h4 class=\"panel-title toggle\" id=\"toggle_ca157fd14a054ac41\"><a aria-expanded=\"false\" aria-controls=\"ca157fd14a054ac41\" role=\"button\" data-toggle=\"collapse\" data-parent=\"#accordion-20-1\" data-target=\"#ca157fd14a054ac41\" href=\"#ca157fd14a054ac41\"><span class=\"fusion-toggle-icon-wrapper\" aria-hidden=\"true\"><i class=\"fa-fusion-box active-icon fa-angle-right fas\" aria-hidden=\"true\"><\/i><i class=\"fa-fusion-box inactive-icon fa-angle-down fas\" aria-hidden=\"true\"><\/i><\/span><span class=\"fusion-toggle-heading\">Erfahrung<\/span><\/a><\/h4><\/div><div id=\"ca157fd14a054ac41\" class=\"panel-collapse collapse \" araia-labelledby=\"toggle_ca157fd14a054ac41\"><div class=\"panel-body toggle-content fusion-clearfix\">\n<p>Aufgrund ihrer Projekterfahrungen ist die pitab ein wertvoller Partner beim Aufbau einer geeigneten Organisation (Strukturen und Prozesse), der notwendigen Infrastruktur und dem Betrieb als Insourcer. Insbesondere im Projektmanagement von In-\/Outsourcingvorhaben helfen erfahrene und vertrauensvolle Keyplayer.<\/p>\n<\/div><\/div><\/div><div class=\"fusion-panel panel-default panel-8c1738bcb77ff27a3 fusion-toggle-has-divider\" style=\"--awb-title-font-family:&quot;PT Sans&quot;;--awb-title-font-weight:400;--awb-title-font-style:normal;--awb-title-font-size:20px;\"><div class=\"panel-heading\"><h4 class=\"panel-title toggle\" id=\"toggle_8c1738bcb77ff27a3\"><a aria-expanded=\"false\" aria-controls=\"8c1738bcb77ff27a3\" role=\"button\" data-toggle=\"collapse\" data-parent=\"#accordion-20-1\" data-target=\"#8c1738bcb77ff27a3\" href=\"#8c1738bcb77ff27a3\"><span class=\"fusion-toggle-icon-wrapper\" aria-hidden=\"true\"><i class=\"fa-fusion-box active-icon fa-angle-right fas\" aria-hidden=\"true\"><\/i><i class=\"fa-fusion-box inactive-icon fa-angle-down fas\" aria-hidden=\"true\"><\/i><\/span><span class=\"fusion-toggle-heading\">Angebot<\/span><\/a><\/h4><\/div><div id=\"8c1738bcb77ff27a3\" class=\"panel-collapse collapse \" araia-labelledby=\"toggle_8c1738bcb77ff27a3\"><div class=\"panel-body toggle-content fusion-clearfix\">\n<p>Das Leistungsangebot der pitab umfasst:<\/p>\n<ul>\n<li>Strategische Analyse \u2013 machen oder kaufen &#8211; bis hin zur Entscheidungsvorlage<\/li>\n<li>Beratung und Unterst\u00fctzung des Servicenehmers bei allen notwendigen Aktivit\u00e4ten im Rahmen eines Outsourcings, insbesondere bei der Etablierung geeigneter Verfahren zur Steuerung der externen Serviceleistungen und -qualit\u00e4t<\/li>\n<li>Vorbereitung und Aufbau von Insourcing-Organisationen und deren Infrastruktur<\/li>\n<li>Einf\u00fchrung und Reengineering eines Service Level Managements.<\/li>\n<\/ul>\n<\/div><\/div><\/div><\/div><\/div><\/div><\/div><div class=\"fusion-layout-column fusion_builder_column fusion-builder-column-3 fusion_builder_column_1_1 1_1 fusion-flex-column fusion-flex-align-self-flex-start fusion-column-no-min-height\" style=\"--awb-bg-size:cover;--awb-width-large:100%;--awb-margin-top-large:0px;--awb-spacing-right-large:1.92%;--awb-margin-bottom-large:0px;--awb-spacing-left-large:1.92%;--awb-width-medium:100%;--awb-spacing-right-medium:1.92%;--awb-spacing-left-medium:1.92%;--awb-width-small:100%;--awb-spacing-right-small:1.92%;--awb-spacing-left-small:1.92%;\"><div class=\"fusion-column-wrapper fusion-flex-justify-content-flex-start fusion-content-layout-column\"><div class=\"fusion-text fusion-text-3\"><p><div class=\"fusion-tabs fusion-tabs-1 classic nav-is-justified horizontal-tabs icon-position-left mobile-mode-accordion\" style=\"--awb-title-border-radius-top-left:0px;--awb-title-border-radius-top-right:0px;--awb-title-border-radius-bottom-right:0px;--awb-title-border-radius-bottom-left:0px;--awb-inactive-color:#ebeaea;--awb-background-color:#ffffff;--awb-border-color:var(--awb-color3);--awb-active-border-color:#7e94a1;\"><div class=\"nav\"><ul class=\"nav-tabs nav-justified\" role=\"tablist\"><\/ul><\/div><div class=\"tab-content\"><\/div><\/div><div class=\"tab-pane fade fusion-clearfix in active\" role=\"tabpanel\" tabindex=\"0\" aria-labelledby=\"fusion-tab-\"><\/div><\/p>\n<\/div><i class=\"fb-icon-element-1 fb-icon-element fontawesome-icon fa fa-random circle-yes fusion-text-flow\" style=\"--awb-iconcolor-hover:#ffffff;--awb-circlecolor-hover:#333333;--awb-circlebordercolor-hover:#333333;--awb-circlebordersize:1px;--awb-font-size:35.2px;--awb-width:70.4px;--awb-height:70.4px;--awb-line-height:68.4px;--awb-margin-right:20px;\"><\/i><div class=\"fusion-text fusion-text-4\"><p>Wir wissen, Vertrauen ist die Grundlage jeder erfolgreichen Zusammenarbeit.<\/p>\n<p>Nicht immer kann und muss es von Beginn an um die Detailexpertise gehen.<br \/>\nOftmals muss das Detail gemeinsam erarbeitet werden. Hierbei bestimmen nicht tausendfach kopierte Checklisten oder Vorgehensweisen den Erfolg. Vertrauen Sie unserer Erfahrung, vertrauen Sie unserem Gef\u00fchl.<\/p>\n<p>Vertrauen Sie Ihrem Gef\u00fchl!<\/p>\n<p>Wenn Sie uns vertrauen, dann begleiten wir Sie mit unserer Erfahrung von der Studie bis zur Realisierung. Wir stellen uns ganz in Ihren Dienst. Unser Ziel ist, unser Wissen und unsere Erfahrung zu Ihrem Nutzen einzusetzen. Nicht wir stehen im Vordergrund unserer Arbeit, sondern Ihr Unternehmen respektive der Erfolg Ihres Projektes. Diesen Erfolg vertreten wir in Ihrem Sinne, mit allem Einsatz, in aller Konsequenz. So, als w\u00fcrden Sie das Projekt selbst leiten.<\/p>\n<p>Ihr Erfolg ist unser Erfolg. Nur daran lassen wir uns messen, nur daran messen wir uns.<\/p>\n<p>[\/fusion_old_tab]\n<div class=\"tab-pane fade fusion-clearfix\" role=\"tabpanel\" tabindex=\"0\" aria-labelledby=\"fusion-tab-\"><\/div><\/p>\n<\/div><i class=\"fb-icon-element-2 fb-icon-element fontawesome-icon fa fa-magic circle-yes fusion-text-flow\" style=\"--awb-iconcolor-hover:#ffffff;--awb-circlecolor-hover:#333333;--awb-circlebordercolor-hover:#333333;--awb-circlebordersize:1px;--awb-font-size:35.2px;--awb-width:70.4px;--awb-height:70.4px;--awb-line-height:68.4px;--awb-margin-right:20px;\"><\/i><div class=\"fusion-text fusion-text-5\"><p> Erfolgreiche Projektarbeit ist eine der wichtigsten S\u00e4ulen des Unternehmenserfolges. Jedes Unternehmen stellt hierf\u00fcr seine besten und f\u00e4higsten Mitarbeiter ab. Doch oftmals wird dabei nicht das richtige R\u00fcstzeug mit auf den Weg gegeben. Wir helfen Ihnen, allen Fallstricken zu entgehen.<\/p>\n<p>Wir erstellen ein vollst\u00e4ndiges und erf\u00fcllbares Pflichtenheft. Wir definieren die Meilensteine und den Fahrplan und die zur Messung des Projekterfolges n\u00f6tigen und aussagekr\u00e4ftigen Kennziffern. Wir kontrollieren ohne den Fortschritt zu hemmen.<br \/>\nWir stellen den Projekterfolg sicher.<br \/>\nDabei sind wir nur \u2013 aber jederzeit &#8211; Ihr Abgesandter im Projekt. Ohne wenn und aber, mit vollem Einsatz. Als w\u00fcrden Sie selbst das Projekt leiten.<\/p>\n<p>Woher wir wissen wie das geht?<br \/>\n&#8230;weil wir es bereits getan haben.[\/fusion_old_tab]<div class=\"tab-pane fade fusion-clearfix\" role=\"tabpanel\" tabindex=\"0\" aria-labelledby=\"fusion-tab-\"><\/div><\/p>\n<\/div><i class=\"fb-icon-element-3 fb-icon-element fontawesome-icon fa fa-desktop circle-yes fusion-text-flow\" style=\"--awb-iconcolor-hover:#ffffff;--awb-circlecolor-hover:#333333;--awb-circlebordercolor-hover:#333333;--awb-circlebordersize:1px;--awb-font-size:35.2px;--awb-width:70.4px;--awb-height:70.4px;--awb-line-height:68.4px;--awb-margin-right:20px;\"><\/i><div class=\"fusion-text fusion-text-6\"><p>Migrationen im Wertpapierumfeld<\/p>\n<p>Herausforderung<br \/>\nHeute stehen Unternehmen nahezu immer wieder vor Herausforderungen wie Fusionen, In- \/ Outsourcing von Businessbereichen oder Neuausrichtung \/ Konvergenz von Anwendungssystemlandschaften. Um die Umsetzung des Business Case zu gew\u00e4hrleisten, ist die effektive und<br \/>\neffiziente Umsetzung der IT in den gew\u00fcnschten Zielzustand einer der kritischen Erfolgsfaktoren.<br \/>\nDie Auswahl der Zielplattform und die Entwicklung der richtigen Strategie ist nur der erste Schritt einer erfolgreichen Migration. Erst durch die erfolgreiche Umsetzung mit der Migration von Daten, Funktionen und Prozessen ist ein solches Vorhaben erfolgreich beendet.<\/p>\n<p>Handlungsbedarf<br \/>\nDie grundlegenden Herausforderungen einer IT-Migration bestehen darin, Einzelsysteme aus einer gewachsenen Umgebung herauszul\u00f6sen und deren Funktionalit\u00e4t in einer ggf. bestehenden Zielumgebung neu aufzubauen. Neben den zu migrierenden Daten und Funktionen ist die Integration des neuen Systems mit den verbleibenden Anwendungen aus den Altsystemlandschaften<br \/>\nsicherzustellen. Dar\u00fcber hinaus sind die Prozesse und Organisationsstrukturen der Zielorganisation auf die neue Gesamtsituation hin zu optimieren.<\/p>\n<p>Leistungen der pitab gmbh<br \/>\nDie pitab gmbh stellt einen umfassenden Rahmen f\u00fcr die Durchf\u00fchrung von Migrationen bereit.<br \/>\nVorgehensweise, Werkzeuge und Hilfsmittel entstammen umfangreichen Projekterfahrungen und k\u00f6nnen \/ m\u00fcssen an die individuelle Projektsituation angepasst werden.<br \/>\nWir bieten Leistungen zu den folgenden Aufgabenfeldern an:<br \/>\nProzesse und Organisation, Datenmigration, Integration in die Anwendungslandschaft, Aufbau der Anwendungen, Aufbau und Betrieb von Umgebungen und Infrastruktur sowie die Querschnittsthemen Kommunikations- \/ Change-Management (Ver\u00e4nderungsmanagement) und Programmmanagement.<\/p>\n<p>Unsere Leistungen im Speziellen:<\/p>\n<ul>\n<li>Unterst\u00fctzung bei allen Aufgaben des Migrationsprojektes<\/li>\n<li>Verantwortliche Durchf\u00fchrung einzelner Aufgaben<\/li>\n<li>Vorbereitung und Durchf\u00fchrung von <a href=\"https:\/\/pitab.de\/unseredienstleistung\/schulungen\/index.html\" target=\"_blank\" rel=\"noopener\">Schulungen<\/a><\/li>\n<li><a href=\"https:\/\/pitab.de\/unseredienstleistung\/coaching\/index.html\" target=\"_blank\" rel=\"noopener\">Coaching<\/a> der (Teil-)Projektleitung im Projektmanagement<\/li>\n<li>Verantwortliche Leitung des Programm-Managements (Projektb\u00fcro \/ -controlling, Qualit\u00e4tsmanagement, Konfigurationsmanagement und Anforderungsmanagement \/ Wirtschaftlichkeit)<\/li>\n<li>\u00dcbernahme der Generalunternehmerschaft f\u00fcr das gesamte Migrationsvorhaben<\/li>\n<li>Qualit\u00e4tssicherung des Migrationsprojektes als unabh\u00e4ngiger Partner<\/li>\n<\/ul>\n<p>Beispiel &#8211; Migration eines Wertpapier-Backoffices zum Outsourcing-Dienstleister<br \/>\nUmfang<\/p>\n<ul>\n<li>Spezifikation und Abnahme notwendiger Anpassungen im Zielsystem<\/li>\n<li>Mapping der Datenmodelle, Spezifikation, Realisierung und Abnahme der Datenmigration<\/li>\n<li>Schulung der Mitarbeiter (am) Zielsystem<\/li>\n<li>Testmanagement (Funktions-, Migrations-, Integrationstest)<\/li>\n<li>Schulung<\/li>\n<li>Schnittstellenanpassung<\/li>\n<li>Sollprozessgestaltung<\/li>\n<li>Integration der IT-Umgebungen (Anbindung Zielsystem an vorhandene Subsysteme)<\/li>\n<li>Projektmanagement und Migrationsmanagement<\/li>\n<li>Go-Live Management<\/li>\n<\/ul>\n<p>Projektergebnisse<\/p>\n<ul>\n<li>Angepasste Prozesse und Prozessbeschreibung<\/li>\n<li>Schnittstellenbeschreibungen (SLA)<\/li>\n<li>Migrationsprogramme, Migrationsplanung und Abnahmekonzeption bzgl. Datenmigration<\/li>\n<li>Schnittstellenarchitektur<\/li>\n<li>Erfolgreiches Go-Live<\/li>\n<\/ul>\n<p>Kundennutzen<\/p>\n<ul>\n<li>Integrierte fachliche, technische und organisatorische Neugestaltung der WP-Prozesse<\/li>\n<li>Ganzheitliche Steuerung der Migration<\/li>\n<li>Transparente, revisionssichere Datenmigration<\/li>\n<\/ul>\n<p>[\/fusion_old_tab]<div class=\"tab-pane fade fusion-clearfix\" role=\"tabpanel\" tabindex=\"0\" aria-labelledby=\"fusion-tab-\"><\/div><\/p>\n<\/div><i class=\"fb-icon-element-4 fb-icon-element fontawesome-icon fa fa-magic circle-yes fusion-text-flow\" style=\"--awb-iconcolor-hover:#ffffff;--awb-circlecolor-hover:#333333;--awb-circlebordercolor-hover:#333333;--awb-circlebordersize:1px;--awb-font-size:35.2px;--awb-width:70.4px;--awb-height:70.4px;--awb-line-height:68.4px;--awb-margin-right:20px;\"><\/i><div class=\"fusion-text fusion-text-7\"><p>In unserer t\u00e4glichen Arbeit als Berater oder Interims Manager in den verschiedensten Bereichen von Banken, die sich mit Wertpapieren und Derivaten besch\u00e4ftigen f\u00e4llt uns immer wieder auf, dass der Gesamtproze\u00df vom Handel bis zum Settlement nur wenigen Spezialisten vorbehalten ist.<\/p>\n<p>Das zu \u00e4ndern haben wir uns zum Ziel gemacht!<\/p>\n<p>Unsere schulungserfahrenen Mitarbeiter gehen gerne auf ihre individuellen W\u00fcnsche und Bed\u00fcrfnisse ein und garantieren somit eine ma\u00dfgeschneiderte Schulung f\u00fcr ihre Mitarbeiter.<\/p>\n<p>Die Zielgruppe&#8230;<\/p>\n<ul>\n<li>Neue Mitarbeiter von Banken, die ihr zuk\u00fcnftiges Aufgabengebiet in der Wertpapierabwicklung vorfinden und Mitarbeiter mit Praxiserfahrung, die einen fundierten \u00dcberblick \u00fcber den Gesamtproze\u00df der Wertpapierabwicklung ben\u00f6tigen.<\/li>\n<\/ul>\n<p>Eine Themen\u00fcbersicht&#8230;<\/p>\n<ul>\n<li>Grundlagen des Wertpapiergesch\u00e4fts, Grundz\u00fcge der Wertpapierabwicklung (Settlement, Kapitalma\u00dfnahmen, Zins- und Dividende, HV)<\/li>\n<li>Organisation des Wertpapierhandels (Lebenszyklus einer Order)<\/li>\n<li>Wertpapierarten, Derivate, Investmentfonds<\/li>\n<li>Investmentsteuergesetz, EU-Zinsrichtlinie, aktuelle Steuerrechtliche Themen im Wertpapierbereich<\/li>\n<li>SEPA<\/li>\n<\/ul>\n<p>[\/fusion_old_tab]<div class=\"tab-pane fade fusion-clearfix\" role=\"tabpanel\" tabindex=\"0\" aria-labelledby=\"fusion-tab-\"><\/div><\/p>\n<\/div><i class=\"fb-icon-element-5 fb-icon-element fontawesome-icon fa fa-tint circle-yes fusion-text-flow\" style=\"--awb-iconcolor-hover:#ffffff;--awb-circlecolor-hover:#333333;--awb-circlebordercolor-hover:#333333;--awb-circlebordersize:1px;--awb-font-size:35.2px;--awb-width:70.4px;--awb-height:70.4px;--awb-line-height:68.4px;--awb-margin-right:20px;\"><\/i><div class=\"fusion-text fusion-text-8\"><p>Erfolgreiches Arbeiten im Projektteam<\/p>\n<p>Sie wollen&#8230;<\/p>\n<ul>\n<li>Aufgabe und Rolle als Teamplayer erkennen und wahrnehmen<\/li>\n<li>Synergien erkennen und zielorientiert gemeinsam Aufgaben besser erf\u00fcllen<\/li>\n<li>Unterschiedliche Kompetenzen erkennen und deren Werte f\u00fcr die gemeinsame Arbeit \u00a0sch\u00e4tzen lernen<\/li>\n<\/ul>\n<p>Die Zielgruppe&#8230;<\/p>\n<ul>\n<li>Personen, die in Projekt-Teams gemeinsam Aufgaben erfolgreich bew\u00e4ltigen<\/li>\n<\/ul>\n<p>Der Nutzen&#8230;<\/p>\n<ul>\n<li>Effizienterer Einsatz der jeweils am besten geeigneten Kompetenzen<\/li>\n<li>Verbesserung des Arbeitsklimas durch weniger Reibungsverluste<\/li>\n<\/ul>\n<p>Teamcoaching<\/p>\n<p>Eigeninteresse, unklare Ziele, Aufgaben und Zust\u00e4ndigkeiten, unzureichende Kompetenzen sowie Bereichsegoismen hindern Teams immer wieder daran, Ziele effizient zu erreichen.<\/p>\n<p>Sie wollen&#8230;<\/p>\n<ul>\n<li>Me\u00dfbare Leistung erbringen<\/li>\n<li>Sich effektiv organisieren<\/li>\n<li>Sich funktional in den Gesamtproze\u00df des Unternehmens integrieren<\/li>\n<\/ul>\n<p>Aus externer Sicht hilft dabei der Coach den Teammitgliedern, St\u00f6rungsquellen zu beseitigen, sich wieder neu auszurichten und den sich \u00e4ndernden Anforderungen anzupassen.<\/p>\n<p>Die Zielgruppe&#8230;<\/p>\n<ul>\n<li>Teams, Arbeitsgruppen, Projektgruppen, Abteilungen in Unternehmen und Organisationen.<\/li>\n<\/ul>\n<p>Der Nutzen&#8230;<\/p>\n<ul>\n<li>Sie behalten auch unter bestehendem Erfolgsdruck die Nerven, k\u00f6nnen wichtiges von unwichtigem unterscheiden und heben das Image des Unternehmens wie auch seine Arbeitskultur an.<\/li>\n<\/ul>\n<p>Projektcoaching &amp; Projektbegleitung<\/p>\n<p>Projekte sollen zielgerichtet geplant aber dennoch Ressourcen schonend umgesetzt werden.<br \/>\nHierbei kann Projektcoaching helfen.<\/p>\n<p>Sie wollen&#8230;<\/p>\n<ul>\n<li>Verborgene Interessenlagen sowie Klippen und H\u00fcrden auf Sach- und Beziehungsebene sichtbar machen<\/li>\n<li>Interessen der Beteiligten und deren Motive ber\u00fccksichtigen<\/li>\n<li>Rechtzeitig Ma\u00dfnahmen zur Gegensteuerung einleiten und so den Projekterfolg sichern<\/li>\n<\/ul>\n<p>Die Zielgruppe&#8230;<\/p>\n<ul>\n<li>Projektleiter, Projekt-Teams, Steuergruppen und Sponsoren, die ihre Projekte auch in einem schwierigen Umfeld erfolgreich gestalten wollen<\/li>\n<li>Unternehmen die erstmals mit (gr\u00f6\u00dferen und komplexen) Projekten arbeiten<\/li>\n<\/ul>\n<p>Der Nutzen&#8230;<\/p>\n<ul>\n<li>Kritische Punkte im Projekt werden offen gelegt<\/li>\n<li>Kompetente Ausrichtung der Unterst\u00fctzung auf die wichtigen Punkte bei Projektplanung, -realisierung und -controlling<\/li>\n<li>Einhaltung der Vorgaben hinsichtlich Zeit, Ressourcen und gesetzten Zielen<\/li>\n<li>Ihre Projekte erfolgreich(er) machen<\/li>\n<\/ul>\n<p>[\/fusion_old_tab]<div class=\"tab-pane fade fusion-clearfix\" role=\"tabpanel\" tabindex=\"0\" aria-labelledby=\"fusion-tab-\"><\/div><\/p>\n<\/div><i class=\"fb-icon-element-6 fb-icon-element fontawesome-icon fa fa-thumbs-up circle-yes fusion-text-flow\" style=\"--awb-iconcolor-hover:#ffffff;--awb-circlecolor-hover:#333333;--awb-circlebordercolor-hover:#333333;--awb-circlebordersize:1px;--awb-font-size:35.2px;--awb-width:70.4px;--awb-height:70.4px;--awb-line-height:68.4px;--awb-margin-right:20px;\"><\/i><div class=\"fusion-text fusion-text-9\"><p>SO ERREICHEN SIE UNS<br \/>\npitab gmbh &#8211; projects in time and budget<br \/>\nNassauer Strasse 24<br \/>\n61440 Oberursel<\/p>\n<p>Tel.:\u00a0 +49 [0] 6171 693642<br \/>\nE-Mail: kontakt@pitab.de<\/p>\n<table border=\"0\" cellspacing=\"5\" cellpadding=\"10\" align=\"left\">\n<tbody>\n<tr>\n<td>Matthias Sch\u00fctz<\/td>\n<td>Mobil: +49 [0] 176 4774 7235<\/td>\n<td>Mail: <a href=\"mailto:matthias.schuetz@pitab.de\">matthias.schuetz@pitab.de<\/a><\/td>\n<\/tr>\n<tr>\n<td>Oliver Riebel<\/td>\n<td>Mobil: +49 [0] 172 975 9203<\/td>\n<td>Mail: <a href=\"mailto:oliver.riebel@pitab.de\">oliver.riebel@pitab.de<\/a><\/td>\n<\/tr>\n<tr>\n<td>Lutz Kaiser<\/td>\n<td>Mobil: +49 [0] 172 674 9047<\/td>\n<td>Mail: <a href=\"mailto:lutz.kaiser@pitab.de\">lutz.kaiser@pitab.de<\/a><\/td>\n<\/tr>\n<tr>\n<td>Sven Burkard<\/td>\n<td>Mobil: +49 [0] 177 462 1035<\/td>\n<td>Mail: <a href=\"mailto:sven.burkard@pitab.de\">sven.burkard@pitab.de<\/a><\/td>\n<\/tr>\n<\/tbody>\n<\/table>\n<p>[\/fusion_old_tab]\n[\/fusion_old_tabs]<\/p>\n<\/div><\/div><\/div><\/div><\/div>\n","protected":false},"excerpt":{"rendered":"","protected":false},"author":1,"featured_media":0,"parent":0,"menu_order":0,"comment_status":"closed","ping_status":"open","template":"100-width.php","meta":{"jetpack_post_was_ever_published":false,"footnotes":""},"class_list":["post-20","page","type-page","status-publish","hentry"],"jetpack_shortlink":"https:\/\/wp.me\/P3P80W-k","jetpack_sharing_enabled":true,"_links":{"self":[{"href":"https:\/\/pitab.de\/index.php?rest_route=\/wp\/v2\/pages\/20","targetHints":{"allow":["GET"]}}],"collection":[{"href":"https:\/\/pitab.de\/index.php?rest_route=\/wp\/v2\/pages"}],"about":[{"href":"https:\/\/pitab.de\/index.php?rest_route=\/wp\/v2\/types\/page"}],"author":[{"embeddable":true,"href":"https:\/\/pitab.de\/index.php?rest_route=\/wp\/v2\/users\/1"}],"replies":[{"embeddable":true,"href":"https:\/\/pitab.de\/index.php?rest_route=%2Fwp%2Fv2%2Fcomments&post=20"}],"version-history":[{"count":28,"href":"https:\/\/pitab.de\/index.php?rest_route=\/wp\/v2\/pages\/20\/revisions"}],"predecessor-version":[{"id":180,"href":"https:\/\/pitab.de\/index.php?rest_route=\/wp\/v2\/pages\/20\/revisions\/180"}],"wp:attachment":[{"href":"https:\/\/pitab.de\/index.php?rest_route=%2Fwp%2Fv2%2Fmedia&parent=20"}],"curies":[{"name":"wp","href":"https:\/\/api.w.org\/{rel}","templated":true}]}}