{"id":10,"date":"2013-08-13T20:08:39","date_gmt":"2013-08-13T18:08:39","guid":{"rendered":"http:\/\/mhsoftware.de\/?page_id=10"},"modified":"2022-01-14T12:12:01","modified_gmt":"2022-01-14T10:12:01","slug":"ueber-uns","status":"publish","type":"page","link":"https:\/\/pitab.de\/?page_id=10","title":{"rendered":"\u00dcber uns"},"content":{"rendered":"<div class=\"fusion-fullwidth fullwidth-box fusion-builder-row-1 fusion-flex-container hundred-percent-fullwidth non-hundred-percent-height-scrolling\" style=\"--awb-border-radius-top-left:0px;--awb-border-radius-top-right:0px;--awb-border-radius-bottom-right:0px;--awb-border-radius-bottom-left:0px;--awb-overflow:visible;--awb-padding-right:30px;--awb-padding-left:30px;\" ><div class=\"fusion-builder-row fusion-row fusion-flex-align-items-flex-start\" style=\"width:104% !important;max-width:104% !important;margin-left: calc(-4% \/ 2 );margin-right: calc(-4% \/ 2 );\"><div class=\"fusion-layout-column fusion_builder_column fusion-builder-column-0 fusion_builder_column_3_4 3_4 fusion-flex-column\" style=\"--awb-bg-blend:overlay;--awb-bg-size:cover;--awb-width-large:75%;--awb-margin-top-large:0px;--awb-spacing-right-large:2.56%;--awb-margin-bottom-large:20px;--awb-spacing-left-large:2.56%;--awb-width-medium:75%;--awb-spacing-right-medium:2.56%;--awb-spacing-left-medium:2.56%;--awb-width-small:100%;--awb-spacing-right-small:1.92%;--awb-spacing-left-small:1.92%;\"><div class=\"fusion-column-wrapper fusion-flex-justify-content-flex-start fusion-content-layout-column\"><div class=\"fusion-title title fusion-title-1 fusion-sep-none fusion-title-text fusion-title-size-two\"><h2 class=\"title-heading-left\" style=\"margin:0;\">Wir k\u00f6nnen Wertpapiere<\/h2><\/div><div class=\"fusion-text fusion-text-1\"><p>Wir sind ein junges, dynamisches Team, das seit Gr\u00fcndung der Firma im Januar 2003 zu einem kreativen Pool zusammengewachsen ist, das seine Kunden mit frischen Trends und Ideen in jeder Hinsicht \u00fcberzeugt. Die Basis unseres Erfolgs ist der Zusammenschluss erfahrener Experten. Unternehmer, Praktiker, Banker, Macher, Denker.<br \/>\nPers\u00f6nlichkeiten also, mit Format und Stehverm\u00f6gen. Immer dann, wenn Sie als unser Kunde Spezialistenwissen ben\u00f6tigen, wird die pitab f\u00fcr Sie aktiv. Ausgehend von Ihren Anforderungen, bringen wir Sie mit den geeigneten Experten zusammen.<\/p>\n<p>Die pitab steht bei der Durchf\u00fchrung ihrer Projekte mit Seriosit\u00e4t, Kompetenz, Qualit\u00e4t und Zuverl\u00e4ssigkeit zur Verf\u00fcgung. Diese Garantie gibt ihnen die Sicherheit und Gewissheit, in guten H\u00e4nden zu sein.<\/p>\n<p>Was unsere Mitarbeiter, Partner und Freunde verbindet, ist der gemeinsame Wille, unternehmerisch zu handeln und dabei gesellschaftlich Verantwortung zu \u00fcbernehmen: gemeinsam, nachhaltig, grunds\u00e4tzlich, effektiv.<\/p>\n<p>Wir sind ein Verbund von Gleichgesinnten, deren St\u00e4rken zusammen noch st\u00e4rker und leistungsf\u00e4higer machen.<\/p>\n<\/div><\/div><\/div><div class=\"fusion-layout-column fusion_builder_column fusion-builder-column-1 fusion_builder_column_1_4 1_4 fusion-flex-column\" style=\"--awb-bg-blend:overlay;--awb-bg-size:cover;--awb-width-large:25%;--awb-margin-top-large:0px;--awb-spacing-right-large:7.68%;--awb-margin-bottom-large:20px;--awb-spacing-left-large:7.68%;--awb-width-medium:25%;--awb-spacing-right-medium:7.68%;--awb-spacing-left-medium:7.68%;--awb-width-small:100%;--awb-spacing-right-small:1.92%;--awb-spacing-left-small:1.92%;\"><div class=\"fusion-column-wrapper fusion-flex-justify-content-flex-start fusion-content-layout-column\"><div class=\"fusion-title title fusion-title-2 fusion-sep-none fusion-title-text fusion-title-size-two\"><h2 class=\"title-heading-left\" style=\"margin:0;\">Unsere Skills<\/h2><\/div><div class=\"fusion-text fusion-text-2\"><div id=\"progress-bars\">\n<\/div><div class=\"fusion-progressbar fusion-progressbar-text-on-bar\"><div class=\"fusion-progressbar-bar progress-bar\"><div class=\"progress progress-bar-content\" style=\"width:0%;\" role=\"progressbar\" aria-labelledby=\"awb-progressbar-label-1\" aria-valuemin=\"0\" aria-valuemax=\"100\" aria-valuenow=\"100\"><\/div><\/div> <span class=\"progress-title\" style=\"right: calc(15px + 0%);\"><span class=\"fusion-progressbar-text\" id=\"awb-progressbar-label-1\">Projektmanagement<\/span> <span class=\"fusion-progressbar-value\">100<\/span><\/span><\/div><div class=\"fusion-progressbar fusion-progressbar-text-on-bar\"><div class=\"fusion-progressbar-bar progress-bar\"><div class=\"progress progress-bar-content\" style=\"width:0%;\" role=\"progressbar\" aria-labelledby=\"awb-progressbar-label-2\" aria-valuemin=\"0\" aria-valuemax=\"100\" aria-valuenow=\"100\"><\/div><\/div> <span class=\"progress-title\" style=\"right: calc(15px + 0%);\"><span class=\"fusion-progressbar-text\" id=\"awb-progressbar-label-2\">Fachlichkeit<\/span> <span class=\"fusion-progressbar-value\">100<\/span><\/span><\/div><div class=\"fusion-progressbar fusion-progressbar-text-on-bar\"><div class=\"fusion-progressbar-bar progress-bar\"><div class=\"progress progress-bar-content\" style=\"width:0%;\" role=\"progressbar\" aria-labelledby=\"awb-progressbar-label-3\" aria-valuemin=\"0\" aria-valuemax=\"100\" aria-valuenow=\"100\"><\/div><\/div> <span class=\"progress-title\" style=\"right: calc(15px + 0%);\"><span class=\"fusion-progressbar-text\" id=\"awb-progressbar-label-3\">IT Verst\u00e4ndnis<\/span> <span class=\"fusion-progressbar-value\">100<\/span><\/span><\/div><div class=\"fusion-progressbar fusion-progressbar-text-on-bar\"><div class=\"fusion-progressbar-bar progress-bar\"><div class=\"progress progress-bar-content\" style=\"width:0%;\" role=\"progressbar\" aria-labelledby=\"awb-progressbar-label-4\" aria-valuemin=\"0\" aria-valuemax=\"100\" aria-valuenow=\"100\"><\/div><\/div> <span class=\"progress-title\" style=\"right: calc(15px + 0%);\"><span class=\"fusion-progressbar-text\" id=\"awb-progressbar-label-4\">Sozialkompetent<\/span> <span class=\"fusion-progressbar-value\">100<\/span><\/span><\/div><div class=\"fusion-text fusion-text-3\"><\/div>\n<\/div><\/div><\/div><div class=\"fusion-layout-column fusion_builder_column fusion-builder-column-2 fusion_builder_column_1_1 1_1 fusion-flex-column fusion-flex-align-self-flex-start fusion-column-no-min-height\" style=\"--awb-bg-size:cover;--awb-width-large:100%;--awb-margin-top-large:0px;--awb-spacing-right-large:1.92%;--awb-margin-bottom-large:0px;--awb-spacing-left-large:1.92%;--awb-width-medium:100%;--awb-spacing-right-medium:1.92%;--awb-spacing-left-medium:1.92%;--awb-width-small:100%;--awb-spacing-right-small:1.92%;--awb-spacing-left-small:1.92%;\"><div class=\"fusion-column-wrapper fusion-flex-justify-content-flex-start fusion-content-layout-column\"><div class=\"fusion-separator fusion-full-width-sep\" style=\"align-self: center;margin-left: auto;margin-right: auto;margin-top:10px;margin-bottom:10px;width:100%;\"><\/div><\/div><\/div><div class=\"fusion-layout-column fusion_builder_column fusion-builder-column-3 fusion_builder_column_1_1 1_1 fusion-flex-column fusion-flex-align-self-flex-start fusion-column-no-min-height\" style=\"--awb-bg-size:cover;--awb-width-large:100%;--awb-margin-top-large:0px;--awb-spacing-right-large:1.92%;--awb-margin-bottom-large:0px;--awb-spacing-left-large:1.92%;--awb-width-medium:100%;--awb-spacing-right-medium:1.92%;--awb-spacing-left-medium:1.92%;--awb-width-small:100%;--awb-spacing-right-small:1.92%;--awb-spacing-left-small:1.92%;\"><div class=\"fusion-column-wrapper fusion-flex-justify-content-flex-start fusion-content-layout-column\"><div class=\"fusion-title title fusion-title-3 fusion-sep-none fusion-title-text fusion-title-size-two\"><h2 class=\"title-heading-left\" style=\"margin:0;\">Die K\u00f6pfe hinter pitab<\/h2><\/div><\/div><\/div><div class=\"fusion-layout-column fusion_builder_column fusion-builder-column-4 fusion_builder_column_1_4 1_4 fusion-flex-column\" style=\"--awb-bg-blend:overlay;--awb-bg-size:cover;--awb-width-large:25%;--awb-margin-top-large:0px;--awb-spacing-right-large:7.68%;--awb-margin-bottom-large:20px;--awb-spacing-left-large:7.68%;--awb-width-medium:25%;--awb-spacing-right-medium:7.68%;--awb-spacing-left-medium:7.68%;--awb-width-small:100%;--awb-spacing-right-small:1.92%;--awb-spacing-left-small:1.92%;\"><div class=\"fusion-column-wrapper fusion-flex-justify-content-flex-start fusion-content-layout-column\"><div class=\"fusion-person person fusion-person-left fusion-person-1 fusion-person-icon-top\" style=\"--awb-pic-style-color:var(--awb-color8);--awb-pic-borderradius:0px;--awb-margin-top:0px;--awb-margin-right:0px;--awb-margin-bottom:0px;--awb-margin-left:0px;--awb-social-box-border-top:0px;--awb-social-box-border-right:0px;--awb-social-box-border-bottom:0px;--awb-social-box-border-left:0px;--awb-social-box-border-color:var(--awb-color3);--awb-social-box-colors-hover:var(--awb-color1);--awb-social-box-border-color-hover:var(--awb-color4);--awb-social-icon-colors-hover:var(--awb-color4);\"><div class=\"person-desc\" style=\"background-color:#e5e5e5;padding:40px;margin-top:0;\"><div class=\"person-author\"><div class=\"person-author-wrapper\"><span class=\"person-name\">Matthias Sch\u00fctz<\/span><span class=\"person-title\">Gesellschafter \/ Gesch\u00e4ftsf\u00fchrer<\/span><\/div><\/div><div class=\"person-content fusion-clearfix\">Seine berufliche Laufbahn begann nach Banklehre (BHF-Bank) und Studium (BWL) bei der Deutschen Wertpapierdaten-Zentrale GmbH, damals dem Rechenzentrum der Frankfurter Wertpapierb\u00f6rse. Nach 11 Jahren \u00fcbernahm er die Leitung der IT und Organisation der MeesPierson N.V. Frankfurt (heute Fortis Bank Nederland). Nach drei Jahren und \u00fcberstandenem Y2K und EURO \u00fcbernahm er neben einem Partner die Gesch\u00e4fsf\u00fchrung der HF Bank Consult GmbH in Frankfurt und hatte entscheidenden Anteil an dem Aufbau der Gesellschaft von einer Vertriebs- zu einer Beratungsgesellschaft. Nach dem Verkauf der GmbH wechselte Matthias Sch\u00fctz als Prokurist und Mitglied der erweiterten Gesch\u00e4ftsleitung der Thales IS GmbH, dem K\u00e4ufer der HF bank Consult GmbH. Diese verliess er nach einem Jahr und gr\u00fcndete zusammen mit Lutz Kaiser und Oliver Riebel die pitab gmbh, projects in time and budget.<br \/>\nW\u00e4hrend seiner gesamten Berufszeit blieb er dem Wertpapier \u2013 vom Handel bis zu den Details der Abwicklung \u2013 verbunden. Und das soll auch so bleiben.<\/div><\/div><\/div><\/div><\/div><div class=\"fusion-layout-column fusion_builder_column fusion-builder-column-5 fusion_builder_column_1_4 1_4 fusion-flex-column\" style=\"--awb-bg-blend:overlay;--awb-bg-size:cover;--awb-width-large:25%;--awb-margin-top-large:0px;--awb-spacing-right-large:7.68%;--awb-margin-bottom-large:20px;--awb-spacing-left-large:7.68%;--awb-width-medium:25%;--awb-spacing-right-medium:7.68%;--awb-spacing-left-medium:7.68%;--awb-width-small:100%;--awb-spacing-right-small:1.92%;--awb-spacing-left-small:1.92%;\"><div class=\"fusion-column-wrapper fusion-flex-justify-content-flex-start fusion-content-layout-column\"><div class=\"fusion-person person fusion-person-left fusion-person-2 fusion-person-icon-top\" style=\"--awb-pic-style-color:var(--awb-color8);--awb-pic-borderradius:0px;--awb-margin-top:0px;--awb-margin-right:0px;--awb-margin-bottom:0px;--awb-margin-left:0px;--awb-social-box-border-top:0px;--awb-social-box-border-right:0px;--awb-social-box-border-bottom:0px;--awb-social-box-border-left:0px;--awb-social-box-border-color:var(--awb-color3);--awb-social-box-colors-hover:var(--awb-color1);--awb-social-box-border-color-hover:var(--awb-color4);--awb-social-icon-colors-hover:var(--awb-color4);\"><div class=\"person-desc\" style=\"background-color:#e5e5e5;padding:40px;margin-top:0;\"><div class=\"person-author\"><div class=\"person-author-wrapper\"><span class=\"person-name\">Sven Burkard<\/span><span class=\"person-title\">Gesellschafter<\/span><\/div><\/div><div class=\"person-content fusion-clearfix\">Sven Burkard hat sich im Rahmen seiner Projektarbeit auf den Bereich Wertpapiergesch\u00e4ft mit den Schwerpunkten Wertpapierabwicklung sowie Fondsgesch\u00e4ft spezialisiert. Sein Wertpapier-und IT-Know-How sammelte er \u00fcberwiegend durch seine langj\u00e4hrige T\u00e4tigkeit bei einer gro\u00dfen amerikanischen Unternehmensberatung im Bereich &#8222;Finanzdienstleistungssektor&#8220;. Dort betreute er unter anderem Migrationen von Fondsbuchhaltungssystemen aus der Gro\u00dfrechner-Welt zu Client-Server-basierten Systemen.<\/div><\/div><\/div><\/div><\/div><div class=\"fusion-layout-column fusion_builder_column fusion-builder-column-6 fusion_builder_column_1_4 1_4 fusion-flex-column\" style=\"--awb-bg-blend:overlay;--awb-bg-size:cover;--awb-width-large:25%;--awb-margin-top-large:0px;--awb-spacing-right-large:7.68%;--awb-margin-bottom-large:20px;--awb-spacing-left-large:7.68%;--awb-width-medium:25%;--awb-spacing-right-medium:7.68%;--awb-spacing-left-medium:7.68%;--awb-width-small:100%;--awb-spacing-right-small:1.92%;--awb-spacing-left-small:1.92%;\"><div class=\"fusion-column-wrapper fusion-flex-justify-content-flex-start fusion-content-layout-column\"><div class=\"fusion-person person fusion-person-left fusion-person-3 fusion-person-icon-top\" style=\"--awb-pic-style-color:var(--awb-color8);--awb-pic-borderradius:0px;--awb-margin-top:0px;--awb-margin-right:0px;--awb-margin-bottom:0px;--awb-margin-left:0px;--awb-social-box-border-top:0px;--awb-social-box-border-right:0px;--awb-social-box-border-bottom:0px;--awb-social-box-border-left:0px;--awb-social-box-border-color:var(--awb-color3);--awb-social-box-colors-hover:var(--awb-color1);--awb-social-box-border-color-hover:var(--awb-color4);--awb-social-icon-colors-hover:var(--awb-color4);\"><div class=\"person-desc\" style=\"background-color:#e5e5e5;padding:40px;margin-top:0;\"><div class=\"person-author\"><div class=\"person-author-wrapper\"><span class=\"person-name\">Lutz Kaiser<\/span><span class=\"person-title\">Gesellschafter<\/span><\/div><\/div><div class=\"person-content fusion-clearfix\">Lutz Kaiser ist Spezialist f\u00fcr die Wertpapierabwicklung. Sein Wissen hat er sich unter anderem beim Aufbau des Backoffice eines internationalen Onlinebrokers angeeignet.<br \/>\nSein zweites Themengebiet sind fachliche Migrationsthemen, die er im Projektumfeld bei Transaktionsbanken erworben hat. Von der fachlichen Spezifikation, \u00fcber Teilprojektleitungen und Projektleitungen ist er der richtige Ansprechpartner.<\/div><\/div><\/div><\/div><\/div><div class=\"fusion-layout-column fusion_builder_column fusion-builder-column-7 fusion_builder_column_1_4 1_4 fusion-flex-column\" style=\"--awb-bg-blend:overlay;--awb-bg-size:cover;--awb-width-large:25%;--awb-margin-top-large:0px;--awb-spacing-right-large:7.68%;--awb-margin-bottom-large:20px;--awb-spacing-left-large:7.68%;--awb-width-medium:25%;--awb-spacing-right-medium:7.68%;--awb-spacing-left-medium:7.68%;--awb-width-small:100%;--awb-spacing-right-small:1.92%;--awb-spacing-left-small:1.92%;\"><div class=\"fusion-column-wrapper fusion-flex-justify-content-flex-start fusion-content-layout-column\"><div class=\"fusion-person person fusion-person-left fusion-person-4 fusion-person-icon-top\" style=\"--awb-pic-style-color:var(--awb-color8);--awb-pic-borderradius:0px;--awb-margin-top:0px;--awb-margin-right:0px;--awb-margin-bottom:0px;--awb-margin-left:0px;--awb-social-box-border-top:0px;--awb-social-box-border-right:0px;--awb-social-box-border-bottom:0px;--awb-social-box-border-left:0px;--awb-social-box-border-color:var(--awb-color3);--awb-social-box-colors-hover:var(--awb-color1);--awb-social-box-border-color-hover:var(--awb-color4);--awb-social-icon-colors-hover:var(--awb-color4);\"><div class=\"person-desc\" style=\"background-color:#e5e5e5;padding:40px;margin-top:0;\"><div class=\"person-author\"><div class=\"person-author-wrapper\"><span class=\"person-name\">Oliver Riebel<\/span><span class=\"person-title\">Gesellschafter<\/span><\/div><\/div><div class=\"person-content fusion-clearfix\">Oliver Riebel ist im Segment Wertpapierabwicklung universell einsetzbar. Durch seine langj\u00e4hrige Berufserfahrung in einer Wertpapierspezialbank und in einem weltweit agierenden Beratungsunternehmen deckt er die Bereiche Orderrouting, Abwicklung sowie die Depotverwaltung und -verwahrung ab. Eines seiner speziellen Aufgabengebiete stellt die fachliche Analyse von steuerrelevanten Wertpapierthemen und der daraus resultierenden Erstellung von Systemspezifikationen dar.<\/div><\/div><\/div><\/div><\/div><div class=\"fusion-layout-column fusion_builder_column fusion-builder-column-8 fusion_builder_column_1_1 1_1 fusion-flex-column fusion-flex-align-self-flex-start fusion-column-no-min-height\" style=\"--awb-bg-size:cover;--awb-width-large:100%;--awb-margin-top-large:0px;--awb-spacing-right-large:1.92%;--awb-margin-bottom-large:0px;--awb-spacing-left-large:1.92%;--awb-width-medium:100%;--awb-spacing-right-medium:1.92%;--awb-spacing-left-medium:1.92%;--awb-width-small:100%;--awb-spacing-right-small:1.92%;--awb-spacing-left-small:1.92%;\"><div class=\"fusion-column-wrapper fusion-flex-justify-content-flex-start fusion-content-layout-column\"><div class=\"fusion-separator fusion-full-width-sep\" style=\"align-self: center;margin-left: auto;margin-right: auto;margin-top:30px;margin-bottom:30px;width:100%;\"><\/div><\/div><\/div><div class=\"fusion-layout-column fusion_builder_column fusion-builder-column-9 fusion_builder_column_1_1 1_1 fusion-flex-column fusion-flex-align-self-flex-start fusion-column-no-min-height\" style=\"--awb-bg-size:cover;--awb-width-large:100%;--awb-margin-top-large:0px;--awb-spacing-right-large:1.92%;--awb-margin-bottom-large:0px;--awb-spacing-left-large:1.92%;--awb-width-medium:100%;--awb-spacing-right-medium:1.92%;--awb-spacing-left-medium:1.92%;--awb-width-small:100%;--awb-spacing-right-small:1.92%;--awb-spacing-left-small:1.92%;\"><div class=\"fusion-column-wrapper fusion-flex-justify-content-flex-start fusion-content-layout-column\"><div class=\"fusion-title title fusion-title-4 fusion-sep-none fusion-title-text fusion-title-size-two\"><h2 class=\"title-heading-left\" style=\"margin:0;\">Referenzen<\/h2><\/div><\/div><\/div><div class=\"fusion-layout-column fusion_builder_column fusion-builder-column-10 fusion_builder_column_1_1 1_1 fusion-flex-column fusion-flex-align-self-flex-start fusion-column-no-min-height\" style=\"--awb-bg-size:cover;--awb-width-large:100%;--awb-margin-top-large:0px;--awb-spacing-right-large:1.92%;--awb-margin-bottom-large:0px;--awb-spacing-left-large:1.92%;--awb-width-medium:100%;--awb-spacing-right-medium:1.92%;--awb-spacing-left-medium:1.92%;--awb-width-small:100%;--awb-spacing-right-small:1.92%;--awb-spacing-left-small:1.92%;\"><div class=\"fusion-column-wrapper fusion-flex-justify-content-flex-start fusion-content-layout-column\"><div class=\"fusion-text fusion-text-4\"><div class=\"fusion-image-carousel fusion-image-carousel-fixed fusion-image-carousel-1 fusion-carousel-border\"><div class=\"awb-carousel awb-swiper awb-swiper-carousel\" data-autoplay=\"no\" data-columns=\"5\" data-itemmargin=\"13\" data-itemwidth=\"180\" data-touchscroll=\"no\" data-imagesize=\"fixed\"><div class=\"swiper-wrapper fusion-flex-align-items-center\"><\/div><div class=\"awb-swiper-button awb-swiper-button-prev\"><i class=\"awb-icon-angle-left\" aria-hidden=\"true\"><\/i><\/div><div class=\"awb-swiper-button awb-swiper-button-next\"><i class=\"awb-icon-angle-right\" aria-hidden=\"true\"><\/i><\/div><\/div><\/div>\n<\/div><\/div><\/div><\/div><\/div>\n","protected":false},"excerpt":{"rendered":"","protected":false},"author":1,"featured_media":0,"parent":0,"menu_order":0,"comment_status":"closed","ping_status":"open","template":"100-width.php","meta":{"jetpack_post_was_ever_published":false,"footnotes":""},"class_list":["post-10","page","type-page","status-publish","hentry"],"jetpack_shortlink":"https:\/\/wp.me\/P3P80W-a","jetpack_sharing_enabled":true,"_links":{"self":[{"href":"https:\/\/pitab.de\/index.php?rest_route=\/wp\/v2\/pages\/10","targetHints":{"allow":["GET"]}}],"collection":[{"href":"https:\/\/pitab.de\/index.php?rest_route=\/wp\/v2\/pages"}],"about":[{"href":"https:\/\/pitab.de\/index.php?rest_route=\/wp\/v2\/types\/page"}],"author":[{"embeddable":true,"href":"https:\/\/pitab.de\/index.php?rest_route=\/wp\/v2\/users\/1"}],"replies":[{"embeddable":true,"href":"https:\/\/pitab.de\/index.php?rest_route=%2Fwp%2Fv2%2Fcomments&post=10"}],"version-history":[{"count":17,"href":"https:\/\/pitab.de\/index.php?rest_route=\/wp\/v2\/pages\/10\/revisions"}],"predecessor-version":[{"id":181,"href":"https:\/\/pitab.de\/index.php?rest_route=\/wp\/v2\/pages\/10\/revisions\/181"}],"wp:attachment":[{"href":"https:\/\/pitab.de\/index.php?rest_route=%2Fwp%2Fv2%2Fmedia&parent=10"}],"curies":[{"name":"wp","href":"https:\/\/api.w.org\/{rel}","templated":true}]}}